{"id":13684,"date":"2023-10-31T13:44:28","date_gmt":"2023-10-31T12:44:28","guid":{"rendered":"https:\/\/itsoft.es\/politica-cookies\/"},"modified":"2023-12-11T17:53:58","modified_gmt":"2023-12-11T16:53:58","slug":"politica-cookies","status":"publish","type":"page","link":"https:\/\/itsoft.es\/pt-pt\/politica-cookies\/","title":{"rendered":"Pol\u00edtica de Cookies"},"content":{"rendered":"<p>[et_pb_section fb_built=&#8221;1&#8243; admin_label=&#8221;section&#8221; _builder_version=&#8221;4.23.1&#8243; hover_enabled=&#8221;0&#8243; global_colors_info=&#8221;{}&#8221; theme_builder_area=&#8221;post_content&#8221; custom_padding=&#8221;0px|0px|0px|0px|false|false&#8221; sticky_enabled=&#8221;0&#8243;][et_pb_row admin_label=&#8221;row&#8221; _builder_version=&#8221;4.23&#8243; background_size=&#8221;initial&#8221; background_position=&#8221;top_left&#8221; background_repeat=&#8221;repeat&#8221; width=&#8221;100%&#8221; global_colors_info=&#8221;{}&#8221; theme_builder_area=&#8221;post_content&#8221;][et_pb_column type=&#8221;4_4&#8243; _builder_version=&#8221;4.16&#8243; custom_padding=&#8221;|||&#8221; global_colors_info=&#8221;{}&#8221; custom_padding__hover=&#8221;|||&#8221; theme_builder_area=&#8221;post_content&#8221;][et_pb_text admin_label=&#8221;Text&#8221; module_class=&#8221;formato-limpio&#8221; _builder_version=&#8221;4.23.1&#8243; header_text_align=&#8221;left&#8221; header_3_font=&#8221;Montserrat|600|||||||&#8221; header_3_text_color=&#8221;gcid-5f004868-e4e7-49d0-bd70-7b381caaecc7&#8243; header_3_font_size=&#8221;24px&#8221; background_size=&#8221;initial&#8221; background_position=&#8221;top_left&#8221; background_repeat=&#8221;repeat&#8221; text_orientation=&#8221;left&#8221; max_width=&#8221;1440px&#8221; custom_padding=&#8221;40px|40px|40px|40px|true|true&#8221; hover_enabled=&#8221;0&#8243; global_colors_info=&#8221;{%22gcid-5f004868-e4e7-49d0-bd70-7b381caaecc7%22:%91%22text_text_color%22,%22header_3_text_color%22%93}&#8221; theme_builder_area=&#8221;post_content&#8221; sticky_enabled=&#8221;0&#8243;]<\/p>\n<h2>Pol\u00edtica de Cookies<\/h2>\n<h3>1. Introdu\u00e7\u00e3o<\/h3>\n<p>O nosso s\u00edtio Web, <a href=\"https:\/\/www.itsoft.es\">https:\/\/www.itsoft.es<\/a> (a seguir designado por &#8220;o s\u00edtio Web&#8221;) utiliza cookies e outras tecnologias conexas (por conveni\u00eancia, todas as tecnologias s\u00e3o designadas por &#8220;cookies&#8221;). Tamb\u00e9m colocam cookies de terceiros com os quais assin\u00e1mos contratos. No documento que se segue, informamos sobre a utiliza\u00e7\u00e3o de cookies no nosso s\u00edtio Web.<\/p>\n<h3>2. O que s\u00e3o as cookies?<\/h3>\n<p>Um cookie \u00e9 um pequeno fragmento de texto que as p\u00e1ginas web que visita enviam para o navegador e que permite que a p\u00e1gina web relembre as informa\u00e7\u00f5es sobre a sua visita. As informa\u00e7\u00f5es armazenadas podem ser devolvidas aos nossos servidores ou a servidores de terceiros apropriados durante uma visita subsequente.<\/p>\n<h3>3. O que s\u00e3o scripts?<\/h3>\n<p>Um script \u00e9 um peda\u00e7o de c\u00f3digo de programa que \u00e9 utilizado para fazer com que o nosso s\u00edtio Web funcione corretamente e de forma interactiva. Este c\u00f3digo \u00e9 executado no nosso servidor ou no seu dispositivo.<\/p>\n<h3>4. O que \u00e9 um web beacon?<\/h3>\n<p>Um web beacon (ou pixel tag) \u00e9 um pequeno peda\u00e7o de texto ou imagem invis\u00edvel num s\u00edtio Web que \u00e9 utilizado para monitorizar o tr\u00e1fego num s\u00edtio Web. Para este efeito, estes web beacons armazenam v\u00e1rios dados sobre o utilizador.<\/p>\n<h3>5. Que tipos de cookies existem?<\/h3>\n<p>Dependendo da entidade que gere o dom\u00ednio a partir do qual os cookies s\u00e3o enviados e processa os dados obtidos, podem distinguir-se dois tipos:<\/p>\n<ul>\n<li><strong>Cookies proprios:<\/strong> geridos pelo dom\u00ednio ao qual o utilizador acede e a partir do qual se solicita um determinado servi\u00e7o (neste caso, os dom\u00ednios titularidade da p\u00e1gina web).<\/li>\n<li><strong>Cookies de terceros:<\/strong> aqueles que s\u00e3o enviados para o equipamento terminal do utilizador a partir de um equipamento ou dom\u00ednio que n\u00e3o \u00e9 gerido pelo editor, mas por outra entidade que trata os dados obtidos atrav\u00e9s dos cookies.<\/li>\n<\/ul>\n<p>No caso de os cookies serem instalados a partir de um equipamento ou dom\u00ednio gerido pelo pr\u00f3prio editor, mas a informa\u00e7\u00e3o recolhida atrav\u00e9s deles ser gerida por um terceiro, n\u00e3o podem ser considerados cookies pr\u00f3prios.<\/p>\n<p>Existe ainda uma segunda classifica\u00e7\u00e3o de acordo com o tempo que permanecem armazenados no browser do cliente:<\/p>\n<ul>\n<li><strong>Cookies de sess\u00e3o:<\/strong> concebidos para recolher e armazenar dados enquanto o utilizador acede a uma p\u00e1gina Web. S\u00e3o normalmente utilizados para armazenar informa\u00e7\u00f5es que s\u00f3 s\u00e3o relevantes para a presta\u00e7\u00e3o do servi\u00e7o solicitado pelo utilizador numa \u00fanica ocasi\u00e3o (por exemplo, uma lista de produtos comprados).<\/li>\n<li><strong>Cookies persistentes:<\/strong> os dados ficam armazenados no terminal e podem ser acedidos e tratados durante um per\u00edodo definido pelo respons\u00e1vel pelo cookie, que pode ir de alguns minutos a v\u00e1rios anos.<\/li>\n<\/ul>\n<p>Por \u00faltimo, existe otra clasificaci\u00f3n seg\u00fan la finalidad para la que se traten los datos obtenidos:<\/p>\n<ul>\n<li><strong>Cookies t\u00e9cnicos:<\/strong> s\u00e3o aqueles que permitem ao utilizador navegar atrav\u00e9s de um s\u00edtio Web, plataforma ou aplica\u00e7\u00e3o e utilizar as diferentes op\u00e7\u00f5es ou servi\u00e7os existentes no mesmo.<\/li>\n<li><strong>Cookies de personaliza\u00e7\u00e3o:<\/strong> permitem ao utilizador aceder ao servi\u00e7o com algumas caracter\u00edsticas gerais predefinidas em fun\u00e7\u00e3o de uma s\u00e9rie de crit\u00e9rios no terminal do utilizador..<\/li>\n<li><strong>Cookies de an\u00e1lise:<\/strong> permitem o acompanhamento e a an\u00e1lise do comportamento dos utilizadores dos s\u00edtios Web a que est\u00e3o ligados.<\/li>\n<li><strong>Cookies publicit\u00e1rios:<\/strong> permitem a gest\u00e3o, da forma mais eficiente poss\u00edvel, dos espa\u00e7os publicit\u00e1rios.<\/li>\n<li><strong>Cookies de ppublicidade comportamental:<\/strong> armazenam informa\u00e7\u00f5es sobre o comportamento dos utilizadores, obtidas atrav\u00e9s da observa\u00e7\u00e3o cont\u00ednua dos seus h\u00e1bitos de navega\u00e7\u00e3o.<\/li>\n<li><strong>Cookies de redes sociais externas:<\/strong> s\u00e3o utilizados para que os visitantes possam interagir com o conte\u00fado de diferentes plataformas sociais (facebook, youtube, twitter, linkedIn, etc.) e s\u00e3o gerados apenas para os utilizadores destas redes sociais. As condi\u00e7\u00f5es de utiliza\u00e7\u00e3o destes cookies e as informa\u00e7\u00f5es recolhidas s\u00e3o reguladas pela pol\u00edtica de privacidade da plataforma social correspondente.<\/li>\n<\/ul>\n<h3>6. Que tipo de cookies utilizamos?<\/h3>\n<table style=\"border: 1px solid #cacaca;\">\n<tbody>\n<tr>\n<th>Nome<\/th>\n<th>Dura\u00e7\u00e3o<\/th>\n<th>Descri\u00e7\u00e3o<\/th>\n<th>Tipo<\/th>\n<th>Finalidade<\/th>\n<\/tr>\n<tr>\n<td>_ga<\/td>\n<td>2 anos<\/td>\n<td>Serve para distinguir os utilizadores. Gerado por Google Analytics. A Google armazena as informa\u00e7\u00f5es recolhidas pelos cookies em servidores situados nos Estados Unidos, em conformidade com a legisla\u00e7\u00e3o europeia relativa \u00e0 prote\u00e7\u00e3o dos dados pessoais, e compromete-se a n\u00e3o as partilhar com terceiros, exceto se a isso for obrigada por lei ou se for necess\u00e1rio para o funcionamento do sistema. A Google n\u00e3o associa o seu endere\u00e7o IP a qualquer outra informa\u00e7\u00e3o detida pela Google. Se pretender obter mais informa\u00e7\u00f5es sobre os cookies utilizados pelo Google Analytics, visite este endere\u00e7o <a href=\"https:\/\/developers.google.com\/analytics\/devguides\/collection\/analyticsjs\/cookie-usage?hl=es&amp;csw=1\">Google Analytics Cookie Usage<\/a>.<\/td>\n<td>Terceiro<\/td>\n<td>Anal\u00edtica<\/td>\n<\/tr>\n<tr>\n<td>_gat<\/td>\n<td>1 ano<\/td>\n<td>Utilizado para apresentar a nossa publicidade noutras p\u00e1ginas da rede Google. Gerados pelo Google Analytics. A Google armazena as informa\u00e7\u00f5es recolhidas pelos cookies em servidores situados nos Estados Unidos, respeitando a legisla\u00e7\u00e3o europeia em mat\u00e9ria de prote\u00e7\u00e3o de dados pessoais e comprometendo-se a n\u00e3o as partilhar com terceiros, exceto se tal for exigido por lei ou se for necess\u00e1rio para o funcionamento do sistema. A Google n\u00e3o associa o seu endere\u00e7o IP a qualquer outra informa\u00e7\u00e3o detida pela Google. Se pretender obter mais informa\u00e7\u00f5es sobre os cookies utilizados pelo Google Analytics, aceda a este endere\u00e7o:<a href=\"\">Google Analytics Cookie Usage<\/a>.    <\/td>\n<td>Terceiro<\/td>\n<td>Publicidade comportamental<\/td>\n<\/tr>\n<tr>\n<td>_gid<\/td>\n<td>1 ano<\/td>\n<td>Gerado pelo Google Analytics. A Google armazena as informa\u00e7\u00f5es recolhidas pelos cookies em servidores localizados nos Estados Unidos, respeitando a legisla\u00e7\u00e3o europeia em mat\u00e9ria de prote\u00e7\u00e3o de dados pessoais, e compromete-se a n\u00e3o as partilhar com terceiros, exceto quando exigido por lei ou quando necess\u00e1rio para o funcionamento do sistema. A Google n\u00e3o associa o seu endere\u00e7o IP a qualquer outra informa\u00e7\u00e3o detida pela Google. Se pretender obter mais informa\u00e7\u00f5es sobre os cookies utilizados pelo Google Analytics, aceda a este endere\u00e7o:<a href=\"\">Google Analytics Cookie Usage<\/a>.   <\/td>\n<td>Terceiro<\/td>\n<td>Publicidade comportamental<\/td>\n<\/tr>\n<\/tbody>\n<\/table>\n<h3><\/h3>\n<h3><\/h3>\n<h3>7. Consentimento<\/h3>\n<p>Quando visitar o nosso s\u00edtio Web pela primeira vez, ser-lhe-\u00e1 apresentada uma janela pop-up com uma explica\u00e7\u00e3o sobre os cookies. Assim que clicar em &#8220;Guardar prefer\u00eancias&#8221;, concorda com a nossa utiliza\u00e7\u00e3o das categorias de cookies e plugins que seleccionou na janela pop-up, tal como descrito na presente pol\u00edtica de cookies. Pode desativar a utiliza\u00e7\u00e3o de cookies atrav\u00e9s do seu browser, mas tenha em aten\u00e7\u00e3o que o nosso s\u00edtio Web poder\u00e1 deixar de funcionar corretamente.  <\/p>\n<h4>7.1 Gerir as suas defini\u00e7\u00f5es de consentimento<\/h4>\n<p><strong>Funcional:<\/strong> O armazenamento t\u00e9cnico ou o acesso \u00e9 estritamente necess\u00e1rio para o objetivo leg\u00edtimo de permitir a utiliza\u00e7\u00e3o de um servi\u00e7o espec\u00edfico explicitamente solicitado pelo assinante ou utilizador, ou com o \u00fanico objetivo de efetuar a transmiss\u00e3o de uma comunica\u00e7\u00e3o atrav\u00e9s de uma rede de comunica\u00e7\u00f5es electr\u00f3nicas.<\/p>\n<p><strong>Marketing:<\/strong> O armazenamento t\u00e9cnico ou o acesso s\u00e3o necess\u00e1rios para criar perfis de utilizador para enviar publicidade ou para seguir o utilizador num s\u00edtio Web ou em v\u00e1rios s\u00edtios Web para fins de marketing semelhantes.<\/p>\n<h3>8. Ativar\/desativar e apagar cookies<\/h3>\n<p>O utilizador tem a possibilidade de permitir, bloquear ou eliminar os cookies instalados no seu computador, configurando as op\u00e7\u00f5es do navegador instalado no seu computador. Ao desativar os cookies, alguns dos servi\u00e7os dispon\u00edveis podem deixar de estar operacionais. A forma de desativar os cookies \u00e9 diferente para cada browser, mas normalmente pode ser feita a partir do menu Ferramentas ou Op\u00e7\u00f5es. Pode tamb\u00e9m consultar o menu de Ajuda do browser onde encontra instru\u00e7\u00f5es. O utilizador pode, a qualquer momento, escolher quais os cookies que pretende que funcionem neste s\u00edtio Web.    <\/p>\n<p>Pode permitir, bloquear ou apagar os cookies instalados no seu computador, configurando as op\u00e7\u00f5es do navegador instalado no seu computador:<\/p>\n<ul>\n<li>Microsoft Internet Explorer o Microsoft Edge: <a href=\"http:\/\/windows.microsoft.com\/eses\/windows-vista\/Block-or-allow-cookies\">http:\/\/windows.microsoft.com\/eses\/windows-vista\/Block-or-allow-cookies<\/a><\/li>\n<li>Mozilla Firefox: <a href=\"http:\/\/support.mozilla.org\/es\/kb\/impedir-que-los-sitios-webguarden-sus-preferencia\">http:\/\/support.mozilla.org\/es\/kb\/impedir-que-los-sitios-webguarden-sus-preferencia<\/a><\/li>\n<li>Chrome: <a href=\"https:\/\/support.google.com\/accounts\/answer\/61416?hl=es\">https:\/\/support.google.com\/accounts\/answer\/61416?hl=es<\/a><\/li>\n<li>Safari: <a href=\"http:\/\/safari.helpmax.net\/es\/privacidad-y-seguridad\/como-gestionar-lascookies\/\">http:\/\/safari.helpmax.net\/es\/privacidad-y-seguridad\/como-gestionar-lascookies\/<\/a><\/li>\n<li>Opera: <a href=\"http:\/\/help.opera.com\/Linux\/10.60\/es-ES\/cookies.html\">http:\/\/help.opera.com\/Linux\/10.60\/es-ES\/cookies.html<\/a><\/li>\n<\/ul>\n<h3>9. Os seus direitos em rela\u00e7\u00e3o aos dados pessoais<\/h3>\n<p>O utilizador tem os seguintes direitos no que respeita aos seus dados pessoais:<\/p>\n<ul>\n<li>O utilizador tem o direito de saber por que raz\u00e3o os seus dados pessoais s\u00e3o necess\u00e1rios, o que lhes vai acontecer e durante quanto tempo ser\u00e3o conservados.<\/li>\n<li>Direito de acesso: o utilizador tem o direito de aceder aos dados pessoais que conhecemos sobre si.<\/li>\n<li>Direito de retifica\u00e7\u00e3o: o utilizador tem o direito de completar, retificar, apagar ou bloquear os seus dados pessoais em qualquer altura.<\/li>\n<li>Se nos der o seu consentimento para o tratamento dos seus dados, tem o direito de revogar esse consentimento e de solicitar a elimina\u00e7\u00e3o dos seus dados pessoais.<\/li>\n<li>Direito de transferir os seus dados: tem o direito de solicitar todos os seus dados pessoais ao respons\u00e1vel pelo tratamento e de os transferir integralmente para outro respons\u00e1vel pelo tratamento.<\/li>\n<li>Direito de oposi\u00e7\u00e3o: pode opor-se ao tratamento dos seus dados Cumprimos este requisito, exceto se existirem motivos justificados para uma a\u00e7\u00e3o judicial.<\/li>\n<\/ul>\n<p>Para exercer estes direitos, contacte-nos. Consulte os dados de contacto na parte inferior desta pol\u00edtica de cookies. Se tiver alguma queixa sobre a forma como tratamos os seus dados, gostar\u00edamos de o ouvir, mas tamb\u00e9m tem o direito de apresentar uma queixa \u00e0 autoridade de supervis\u00e3o (a autoridade de prote\u00e7\u00e3o de dados).  <\/p>\n<h3>10. Dados de contacto<\/h3>\n<p>Para fazer perguntas e\/ou coment\u00e1rios sobre a nossa pol\u00edtica de cookies e esta declara\u00e7\u00e3o, contacte-nos utilizando os dados de contacto abaixo:<\/p>\n<ul>\n<li><strong>Titular<\/strong>: Innova Telecom S.L.<\/li>\n<li><strong>Registo Comercial:<\/strong> B91266833<\/li>\n<li><strong>Sede e endere\u00e7o postal:<\/strong> Avenida de Huelva 12, Espartinas, Sevilla, Espa\u00f1a<\/li>\n<li><strong>Sede social:<\/strong>: Av. Diego Mart\u00ednez Barrio 10, planta 2, 41013 Sevilla, Espa\u00f1a <\/li>\n<li><strong>Contacto telef\u00f3nico:<\/strong> (+34) 955087700<\/li>\n<li><strong>Endere\u00e7o eletr\u00f3nico:<\/strong> info@itsoft.es<\/li>\n<\/ul>\n<h3>Liga\u00e7\u00f5es a terceiros<\/h3>\n<p>Este s\u00edtio Web pode conter liga\u00e7\u00f5es a outros s\u00edtios Web que podem ser do seu interesse. Quando clicar nessas liga\u00e7\u00f5es e sair do nosso s\u00edtio, deixamos de ter controlo sobre o s\u00edtio para o qual foi redireccionado e, por conseguinte, n\u00e3o temos qualquer responsabilidade pelos termos ou pr\u00e1ticas de privacidade e prote\u00e7\u00e3o de dados desses outros s\u00edtios. Esses s\u00edtios est\u00e3o sujeitos \u00e0s suas pr\u00f3prias pol\u00edticas de privacidade e recomendamos que o utilizador os consulte para se certificar de que est\u00e1 satisfeito com a sua pol\u00edtica de privacidade.  <\/p>\n<p>[\/et_pb_text][\/et_pb_column][\/et_pb_row][\/et_pb_section]<\/p>\n","protected":false},"excerpt":{"rendered":"<p>Pol\u00edtica de Cookies 1. Introdu\u00e7\u00e3o O nosso s\u00edtio Web, https:\/\/www.itsoft.es (a seguir designado por &#8220;o s\u00edtio Web&#8221;) utiliza cookies e outras tecnologias conexas (por conveni\u00eancia, todas as tecnologias s\u00e3o designadas por &#8220;cookies&#8221;). Tamb\u00e9m colocam cookies de terceiros com os quais assin\u00e1mos contratos. No documento que se segue, informamos sobre a utiliza\u00e7\u00e3o de cookies no nosso [&hellip;]<\/p>\n","protected":false},"author":1,"featured_media":0,"parent":0,"menu_order":0,"comment_status":"closed","ping_status":"closed","template":"","meta":{"_acf_changed":false,"_et_pb_use_builder":"on","_et_pb_old_content":"","_et_gb_content_width":"","inline_featured_image":false,"footnotes":""},"class_list":["post-13684","page","type-page","status-publish","hentry"],"acf":[],"yoast_head":"<!-- This site is optimized with the Yoast SEO plugin v27.2 - https:\/\/yoast.com\/product\/yoast-seo-wordpress\/ -->\n<title>ITSOFT |<\/title>\n<meta name=\"description\" content=\"Pol\u00edtica de cookies O nosso s\u00edtio Web utiliza cookies e outras tecnologias relacionadas Os cookies s\u00e3o tamb\u00e9m colocados por terceiros\" \/>\n<meta name=\"robots\" content=\"index, follow, max-snippet:-1, max-image-preview:large, max-video-preview:-1\" \/>\n<link rel=\"canonical\" href=\"https:\/\/itsoft.es\/pt-pt\/politica-cookies\/\" \/>\n<meta property=\"og:locale\" content=\"pt_PT\" \/>\n<meta property=\"og:type\" content=\"article\" \/>\n<meta property=\"og:title\" content=\"ITSOFT |\" \/>\n<meta property=\"og:description\" content=\"Pol\u00edtica de cookies O nosso s\u00edtio Web utiliza cookies e outras tecnologias relacionadas Os cookies s\u00e3o tamb\u00e9m colocados por terceiros\" \/>\n<meta property=\"og:url\" content=\"https:\/\/itsoft.es\/pt-pt\/politica-cookies\/\" \/>\n<meta property=\"og:site_name\" content=\"ITSOFT\" \/>\n<meta property=\"article:modified_time\" content=\"2023-12-11T16:53:58+00:00\" \/>\n<meta name=\"twitter:card\" content=\"summary_large_image\" \/>\n<meta name=\"twitter:site\" content=\"@mgm_ITSOFT\" \/>\n<meta name=\"twitter:label1\" content=\"Tempo estimado de leitura\" \/>\n\t<meta name=\"twitter:data1\" content=\"10 minutos\" \/>\n<script type=\"application\/ld+json\" class=\"yoast-schema-graph\">{\"@context\":\"https:\/\/schema.org\",\"@graph\":[{\"@type\":\"WebPage\",\"@id\":\"https:\/\/itsoft.es\/pt-pt\/politica-cookies\/\",\"url\":\"https:\/\/itsoft.es\/pt-pt\/politica-cookies\/\",\"name\":\"ITSOFT |\",\"isPartOf\":{\"@id\":\"https:\/\/itsoft.es\/pt-pt\/#website\"},\"datePublished\":\"2023-10-31T12:44:28+00:00\",\"dateModified\":\"2023-12-11T16:53:58+00:00\",\"description\":\"Pol\u00edtica de cookies O nosso s\u00edtio Web utiliza cookies e outras tecnologias relacionadas Os cookies s\u00e3o tamb\u00e9m colocados por terceiros\",\"breadcrumb\":{\"@id\":\"https:\/\/itsoft.es\/pt-pt\/politica-cookies\/#breadcrumb\"},\"inLanguage\":\"pt-PT\",\"potentialAction\":[{\"@type\":\"ReadAction\",\"target\":[\"https:\/\/itsoft.es\/pt-pt\/politica-cookies\/\"]}]},{\"@type\":\"BreadcrumbList\",\"@id\":\"https:\/\/itsoft.es\/pt-pt\/politica-cookies\/#breadcrumb\",\"itemListElement\":[{\"@type\":\"ListItem\",\"position\":1,\"name\":\"Portada\",\"item\":\"https:\/\/itsoft.es\/pt-pt\/itsoft\/\"},{\"@type\":\"ListItem\",\"position\":2,\"name\":\"Pol\u00edtica de Cookies\"}]},{\"@type\":\"WebSite\",\"@id\":\"https:\/\/itsoft.es\/pt-pt\/#website\",\"url\":\"https:\/\/itsoft.es\/pt-pt\/\",\"name\":\"ITSOFT\",\"description\":\"Proveedores de soluciones tecnol\u00f3gicas\",\"publisher\":{\"@id\":\"https:\/\/itsoft.es\/pt-pt\/#organization\"},\"potentialAction\":[{\"@type\":\"SearchAction\",\"target\":{\"@type\":\"EntryPoint\",\"urlTemplate\":\"https:\/\/itsoft.es\/pt-pt\/?s={search_term_string}\"},\"query-input\":{\"@type\":\"PropertyValueSpecification\",\"valueRequired\":true,\"valueName\":\"search_term_string\"}}],\"inLanguage\":\"pt-PT\"},{\"@type\":\"Organization\",\"@id\":\"https:\/\/itsoft.es\/pt-pt\/#organization\",\"name\":\"ITSOFT\",\"alternateName\":\"ITSOFT\",\"url\":\"https:\/\/itsoft.es\/pt-pt\/\",\"logo\":{\"@type\":\"ImageObject\",\"inLanguage\":\"pt-PT\",\"@id\":\"https:\/\/itsoft.es\/pt-pt\/#\/schema\/logo\/image\/\",\"url\":\"https:\/\/itsoft.es\/wp-content\/uploads\/Logo-2019.svg\",\"contentUrl\":\"https:\/\/itsoft.es\/wp-content\/uploads\/Logo-2019.svg\",\"width\":\"1024\",\"height\":\"1024\",\"caption\":\"ITSOFT\"},\"image\":{\"@id\":\"https:\/\/itsoft.es\/pt-pt\/#\/schema\/logo\/image\/\"},\"sameAs\":[\"https:\/\/x.com\/mgm_ITSOFT\"]}]}<\/script>\n<!-- \/ Yoast SEO plugin. -->","yoast_head_json":{"title":"ITSOFT |","description":"Pol\u00edtica de cookies O nosso s\u00edtio Web utiliza cookies e outras tecnologias relacionadas Os cookies s\u00e3o tamb\u00e9m colocados por terceiros","robots":{"index":"index","follow":"follow","max-snippet":"max-snippet:-1","max-image-preview":"max-image-preview:large","max-video-preview":"max-video-preview:-1"},"canonical":"https:\/\/itsoft.es\/pt-pt\/politica-cookies\/","og_locale":"pt_PT","og_type":"article","og_title":"ITSOFT |","og_description":"Pol\u00edtica de cookies O nosso s\u00edtio Web utiliza cookies e outras tecnologias relacionadas Os cookies s\u00e3o tamb\u00e9m colocados por terceiros","og_url":"https:\/\/itsoft.es\/pt-pt\/politica-cookies\/","og_site_name":"ITSOFT","article_modified_time":"2023-12-11T16:53:58+00:00","twitter_card":"summary_large_image","twitter_site":"@mgm_ITSOFT","twitter_misc":{"Tempo estimado de leitura":"10 minutos"},"schema":{"@context":"https:\/\/schema.org","@graph":[{"@type":"WebPage","@id":"https:\/\/itsoft.es\/pt-pt\/politica-cookies\/","url":"https:\/\/itsoft.es\/pt-pt\/politica-cookies\/","name":"ITSOFT |","isPartOf":{"@id":"https:\/\/itsoft.es\/pt-pt\/#website"},"datePublished":"2023-10-31T12:44:28+00:00","dateModified":"2023-12-11T16:53:58+00:00","description":"Pol\u00edtica de cookies O nosso s\u00edtio Web utiliza cookies e outras tecnologias relacionadas Os cookies s\u00e3o tamb\u00e9m colocados por terceiros","breadcrumb":{"@id":"https:\/\/itsoft.es\/pt-pt\/politica-cookies\/#breadcrumb"},"inLanguage":"pt-PT","potentialAction":[{"@type":"ReadAction","target":["https:\/\/itsoft.es\/pt-pt\/politica-cookies\/"]}]},{"@type":"BreadcrumbList","@id":"https:\/\/itsoft.es\/pt-pt\/politica-cookies\/#breadcrumb","itemListElement":[{"@type":"ListItem","position":1,"name":"Portada","item":"https:\/\/itsoft.es\/pt-pt\/itsoft\/"},{"@type":"ListItem","position":2,"name":"Pol\u00edtica de Cookies"}]},{"@type":"WebSite","@id":"https:\/\/itsoft.es\/pt-pt\/#website","url":"https:\/\/itsoft.es\/pt-pt\/","name":"ITSOFT","description":"Proveedores de soluciones tecnol\u00f3gicas","publisher":{"@id":"https:\/\/itsoft.es\/pt-pt\/#organization"},"potentialAction":[{"@type":"SearchAction","target":{"@type":"EntryPoint","urlTemplate":"https:\/\/itsoft.es\/pt-pt\/?s={search_term_string}"},"query-input":{"@type":"PropertyValueSpecification","valueRequired":true,"valueName":"search_term_string"}}],"inLanguage":"pt-PT"},{"@type":"Organization","@id":"https:\/\/itsoft.es\/pt-pt\/#organization","name":"ITSOFT","alternateName":"ITSOFT","url":"https:\/\/itsoft.es\/pt-pt\/","logo":{"@type":"ImageObject","inLanguage":"pt-PT","@id":"https:\/\/itsoft.es\/pt-pt\/#\/schema\/logo\/image\/","url":"https:\/\/itsoft.es\/wp-content\/uploads\/Logo-2019.svg","contentUrl":"https:\/\/itsoft.es\/wp-content\/uploads\/Logo-2019.svg","width":"1024","height":"1024","caption":"ITSOFT"},"image":{"@id":"https:\/\/itsoft.es\/pt-pt\/#\/schema\/logo\/image\/"},"sameAs":["https:\/\/x.com\/mgm_ITSOFT"]}]}},"_links":{"self":[{"href":"https:\/\/itsoft.es\/pt-pt\/wp-json\/wp\/v2\/pages\/13684","targetHints":{"allow":["GET"]}}],"collection":[{"href":"https:\/\/itsoft.es\/pt-pt\/wp-json\/wp\/v2\/pages"}],"about":[{"href":"https:\/\/itsoft.es\/pt-pt\/wp-json\/wp\/v2\/types\/page"}],"author":[{"embeddable":true,"href":"https:\/\/itsoft.es\/pt-pt\/wp-json\/wp\/v2\/users\/1"}],"replies":[{"embeddable":true,"href":"https:\/\/itsoft.es\/pt-pt\/wp-json\/wp\/v2\/comments?post=13684"}],"version-history":[{"count":8,"href":"https:\/\/itsoft.es\/pt-pt\/wp-json\/wp\/v2\/pages\/13684\/revisions"}],"predecessor-version":[{"id":15577,"href":"https:\/\/itsoft.es\/pt-pt\/wp-json\/wp\/v2\/pages\/13684\/revisions\/15577"}],"wp:attachment":[{"href":"https:\/\/itsoft.es\/pt-pt\/wp-json\/wp\/v2\/media?parent=13684"}],"curies":[{"name":"wp","href":"https:\/\/api.w.org\/{rel}","templated":true}]}}