{"id":13886,"date":"2023-07-14T11:32:07","date_gmt":"2023-07-14T09:32:07","guid":{"rendered":"https:\/\/itsoft.es\/politica-privacidad\/"},"modified":"2023-12-11T17:56:35","modified_gmt":"2023-12-11T16:56:35","slug":"politica-privacidad","status":"publish","type":"page","link":"https:\/\/itsoft.es\/pt-pt\/politica-privacidad\/","title":{"rendered":"Pol\u00edtica de privacidade"},"content":{"rendered":"<p>[et_pb_section fb_built=&#8221;1&#8243; admin_label=&#8221;section&#8221; _builder_version=&#8221;4.16&#8243; global_colors_info=&#8221;{}&#8221; theme_builder_area=&#8221;post_content&#8221;][et_pb_row admin_label=&#8221;row&#8221; _builder_version=&#8221;4.23&#8243; background_size=&#8221;initial&#8221; background_position=&#8221;top_left&#8221; background_repeat=&#8221;repeat&#8221; width=&#8221;100%&#8221; global_colors_info=&#8221;{}&#8221; theme_builder_area=&#8221;post_content&#8221;][et_pb_column type=&#8221;4_4&#8243; _builder_version=&#8221;4.16&#8243; custom_padding=&#8221;|||&#8221; global_colors_info=&#8221;{}&#8221; custom_padding__hover=&#8221;|||&#8221; theme_builder_area=&#8221;post_content&#8221;][et_pb_text admin_label=&#8221;Text&#8221; module_class=&#8221;formato-limpio&#8221; _builder_version=&#8221;4.23.1&#8243; header_text_align=&#8221;left&#8221; header_3_font=&#8221;Montserrat|600|||||||&#8221; header_3_text_color=&#8221;gcid-5f004868-e4e7-49d0-bd70-7b381caaecc7&#8243; header_3_font_size=&#8221;24px&#8221; background_size=&#8221;initial&#8221; background_position=&#8221;top_left&#8221; background_repeat=&#8221;repeat&#8221; text_orientation=&#8221;left&#8221; max_width=&#8221;1440px&#8221; custom_padding=&#8221;40px|40px|40px|40px|true|true&#8221; hover_enabled=&#8221;0&#8243; global_colors_info=&#8221;{%22gcid-5f004868-e4e7-49d0-bd70-7b381caaecc7%22:%91%22text_text_color%22,%22header_3_text_color%22%93}&#8221; theme_builder_area=&#8221;post_content&#8221; sticky_enabled=&#8221;0&#8243;]<\/p>\n<h2>Detalhes da nossa pol\u00edtica de privacidade<\/h2>\n<p>O objetivo desta Pol\u00edtica de Privacidade \u00e9 inform\u00e1-lo sobre a forma como processamos os dados pessoais dos utilizadores e clientes que visitam o nosso website, bem como as condi\u00e7\u00f5es de utiliza\u00e7\u00e3o, de acordo com a Lei Org\u00e2nica 3\/2018, de 5 de dezembro, sobre a Prote\u00e7\u00e3o de Dados Pessoais e Garantia dos Direitos Digitais (LOPD), bem como o Regulamento (UE) 2016\/679 do Parlamento Europeu e do Conselho, de 27 de abril de 2016, relativo \u00e0 prote\u00e7\u00e3o das pessoas singulares no que diz respeito ao tratamento de dados pessoais e \u00e0 livre circula\u00e7\u00e3o desses dados (RGPD) e outros regulamentos aplic\u00e1veis para o efeito.<\/p>\n<h3>Identifica\u00e7\u00e3o do respons\u00e1vel pelo tratamento<\/h3>\n<p><strong>Propriet\u00e1rio:<\/strong> Innova Telecom S.L. (a seguir designada &#8220;a empresa&#8221;)<\/p>\n<p><strong>Registo Comercial:<\/strong> B91266833<\/p>\n<p><strong>Sede e endere\u00e7o postal:<\/strong> Avenida de Huelva 12, Espartinas, Sevilla, Espa\u00f1a<\/p>\n<p><strong>Sede social:<\/strong> Av. Diego Mart\u00ednez Barrio 10, planta 2, 41013 Sevilla, Espa\u00f1a <\/p>\n<p><strong>Contacto telef\u00f3nico:<\/strong> (+34) 955087700<\/p>\n<p><strong>Endere\u00e7o eletr\u00f3nico:<\/strong> info@itsoft.es<\/p>\n<h3>Objetivo do tratamento de dados<\/h3>\n<p>Em cumprimento do disposto na legisla\u00e7\u00e3o em vigor e na sua regulamenta\u00e7\u00e3o de aplica\u00e7\u00e3o, informamos que os dados pessoais e as informa\u00e7\u00f5es que nos fornecer ao preencher qualquer formul\u00e1rio eletr\u00f3nico dispon\u00edvel em https:\/\/itsoft.es (doravante &#8220;Web&#8221;) ser\u00e3o inclu\u00eddos num ficheiro de dados pessoais propriedade da Empresa.<\/p>\n<p>O objetivo do tratamento de dados \u00e9 processar o seu pedido. As perguntas inclu\u00eddas em cada formul\u00e1rio de contacto dispon\u00edvel s\u00e3o volunt\u00e1rias, exceto as mencionadas como obrigat\u00f3rias. Se n\u00e3o responder \u00e0s perguntas obrigat\u00f3rias, a Empresa reserva-se o direito de n\u00e3o processar pedidos incompletos.  <\/p>\n<p>Especificamente, a finalidade do tratamento dos seus dados pela Empresa \u00e9 a seguinte<\/p>\n<ul>\n<li>Consultas, reclama\u00e7\u00f5es, pedidos e exerc\u00edcio de direitos por parte dos utilizadores que visitam o s\u00edtio Web.<\/li>\n<li>Prevenci\u00f3n de ataques inform\u00e1ticos al sitio web, seguimiento y control de uso para prevenir y detectar usos fraudulentos del sitio web, accesos no autorizados, alteraci\u00f3n o p\u00e9rdida de informaci\u00f3n que pudieran generar responsabilidad civil, penal y\/o administrativa para el sitio web.<\/li>\n<li>Informa\u00e7\u00f5es comerciais. Se o utilizador der o seu consentimento, enviar-lhe-emos comunica\u00e7\u00f5es comerciais sobre os nossos servi\u00e7os e informa\u00e7\u00f5es de interesse numa base n\u00e3o excessiva. <\/li>\n<li>Gest\u00e3o de cookies no s\u00edtio Web: A Pol\u00edtica de Cookies descreve a utiliza\u00e7\u00e3o, a finalidade e a gest\u00e3o dos cookies.<\/li>\n<\/ul>\n<h3>Origem, destinat\u00e1rios e exclus\u00e3o do tratamento de dados pessoais<\/h3>\n<p>Se presume que el origen de los datos personales que puedan ser objeto de tratamiento por el sitio web siempre ha sido facilitado por el usuario y\/o cliente a trav\u00e9s de los distintos medios puestos a su disposici\u00f3n (formulario web, correo electr\u00f3nico, registro en el sitio web), pudiendo incluir datos tales como nombre, apellidos, direcci\u00f3n, n\u00famero de tel\u00e9fono, direcci\u00f3n de correo electr\u00f3nico, etc. El usuario es el \u00fanico responsable de la veracidad y actualizaci\u00f3n de sus datos. <\/p>\n<p>Os destinat\u00e1rios dos dados pessoais tratados pela empresa s\u00e3o os profissionais e os empregados que prestam servi\u00e7os \u00e0 empresa.<\/p>\n<p>A empresa exclui expressamente o tratamento de dados pessoais de menores, exceto se expressamente autorizado pelos seus pais ou tutores legais.<\/p>\n<h3>Legitima\u00e7\u00e3o<\/h3>\n<p>O tratamento dos dados do utilizador assenta nas seguintes bases jur\u00eddicas que o legitimam:<\/p>\n<ul>\n<li>Solicitar informaci\u00f3n y\/o contratar los servicios ofrecidos en el sitio web, cuyos t\u00e9rminos y condiciones ser\u00e1n en todo caso puestos a disposici\u00f3n del usuario con car\u00e1cter previo para su aceptaci\u00f3n expresa.<\/li>\n<li>O consentimento livre, espec\u00edfico, informado e inequ\u00edvoco do utilizador, atrav\u00e9s da disponibiliza\u00e7\u00e3o da presente pol\u00edtica de privacidade, que deve aceitar atrav\u00e9s de uma declara\u00e7\u00e3o ou de uma a\u00e7\u00e3o afirmativa clara, como assinalar uma caixa prevista para o efeito.<\/li>\n<\/ul>\n<h3>Conserva\u00e7\u00e3o de dados pessoais<\/h3>\n<p>O s\u00edtio Web conservar\u00e1 os seus dados durante o tempo necess\u00e1rio para dar resposta ao pedido apresentado pelos utilizadores.<\/p>\n<p>No entanto, por lei, se algum dos dados pessoais do utilizador estiver relacionado com alguma das seguintes obriga\u00e7\u00f5es do portal, ser\u00e1 conservado pelo per\u00edodo de tempo previsto na respectiva legisla\u00e7\u00e3o:<\/p>\n<ul>\n<li>3 anos: infrac\u00e7\u00f5es em mat\u00e9ria laboral (Art. 4.1 RDL 5\/2000) <\/li>\n<li>4 anos: infrac\u00e7\u00f5es contra a seguran\u00e7a social. (Art. 4.2 RDL 5\/2000) <\/li>\n<li>4 anos: Fiscalidade. Regulariza\u00e7\u00e3o ou exig\u00eancia de pagamento de d\u00edvidas fiscais.(Art. 66 Ley 58\/2003)  <\/li>\n<li>5 anos: Infrac\u00e7\u00f5es no dom\u00ednio da preven\u00e7\u00e3o dos riscos profissionais. (Art. 4.3 RDL 5\/2000) <\/li>\n<li>6 anos: Contabilidade e com\u00e9rcio. 30 C\u00f3digo Comercial <\/li>\n<li>10 anos: Fiscal. Verifica\u00e7\u00e3o das bases ou quotas compensadas ou pendentes de compensa\u00e7\u00e3o ou das dedu\u00e7\u00f5es aplicadas ou pendentes de aplica\u00e7\u00e3o. (Art. 66 bis Ley 58\/2003)  <\/li>\n<li>10 anos: Infrac\u00e7\u00f5es contra a Fazenda P\u00fablica e a Seguran\u00e7a Social.(131 LO 10\/1995) <\/li>\n<\/ul>\n<p>Os CV apresentados nos termos do n.\u00ba 2 ser\u00e3o eliminados 3 anos ap\u00f3s a sua apresenta\u00e7\u00e3o. No entanto, se n\u00e3o pretender que conservemos os dados do seu CV para futuros processos de sele\u00e7\u00e3o em que o perfil exigido possa corresponder \u00e0s suas caracter\u00edsticas profissionais, pode manifestar a sua recusa a qualquer momento. Se n\u00e3o manifestar a sua recusa, agradecemos que nos informe previamente de quaisquer altera\u00e7\u00f5es aos seus dados.  <\/p>\n<h3>Destinat\u00e1rios<\/h3>\n<p>Os dados n\u00e3o ser\u00e3o comunicados a terceiros fora da empresa, a menos que tal seja exigido por lei ou, em qualquer caso, mediante pedido de consentimento do utilizador.<\/p>\n<p>Por outro lado, a empresa pode dar acesso ou transmitir os dados pessoais fornecidos pelo utilizador a terceiros prestadores de servi\u00e7os, com os quais celebrou acordos de tratamento de dados, e que apenas acedem a estas informa\u00e7\u00f5es para prestar um servi\u00e7o para e em nome do respons\u00e1vel pelo tratamento de dados.<\/p>\n<h3>Reten\u00e7\u00e3o de dados<\/h3>\n<p>A empresa informa o utilizador que, enquanto prestador de servi\u00e7os de alojamento de dados e em virtude das disposi\u00e7\u00f5es da Lei 34\/2002, de 11 de julho, relativa aos Servi\u00e7os da Sociedade da Informa\u00e7\u00e3o e do Com\u00e9rcio Eletr\u00f3nico (LSSI), conserva durante um per\u00edodo m\u00e1ximo de 12 meses as informa\u00e7\u00f5es necess\u00e1rias para identificar a origem dos dados alojados e o momento em que o servi\u00e7o foi iniciado.<\/p>\n<p>O armazenamento destes dados n\u00e3o afecta o sigilo das comunica\u00e7\u00f5es e s\u00f3 pode ser utilizado no \u00e2mbito de uma investiga\u00e7\u00e3o criminal ou para salvaguardar a seguran\u00e7a p\u00fablica, sendo disponibilizado aos ju\u00edzes e\/ou tribunais ou ao Minist\u00e9rio, mediante pedido.<\/p>\n<p>A comunica\u00e7\u00e3o de dados \u00e0s For\u00e7as e Corpos de Seguran\u00e7a do Estado ser\u00e1 efectuada em conformidade com as disposi\u00e7\u00f5es dos regulamentos relativos \u00e0 prote\u00e7\u00e3o de dados pessoais e com o m\u00e1ximo respeito pelos mesmos.<\/p>\n<h3>Prote\u00e7\u00e3o das informa\u00e7\u00f5es alojadas<\/h3>\n<p>O respons\u00e1vel pelo tratamento deve tomar as medidas necess\u00e1rias para garantir a seguran\u00e7a, a integridade e a confidencialidade dos dados, em conformidade com o disposto no Regulamento (UE) 2016\/679 do Parlamento Europeu e do Conselho, de 27 de abril de 2016, relativo \u00e0 prote\u00e7\u00e3o das pessoas singulares no que diz respeito ao tratamento de dados pessoais e \u00e0 livre circula\u00e7\u00e3o desses dados.<\/p>\n<h3>Exerc\u00edcio dos direitos<\/h3>\n<p>A empresa informa os utilizadores de que disp\u00f5em de direitos de acesso, retifica\u00e7\u00e3o, limita\u00e7\u00e3o, supress\u00e3o, oposi\u00e7\u00e3o e portabilidade, que podem ser exercidos mediante o envio de um pedido para o seguinte endere\u00e7o de correio eletr\u00f3nico: info@itsoft.es.<\/p>\n<p>Da mesma forma, o utilizador tem o direito de revogar o consentimento inicialmente dado e de apresentar reclama\u00e7\u00f5es de direitos perante a Ag\u00eancia Espanhola de Prote\u00e7\u00e3o de Dados (AEPD).<\/p>\n<h3>Comunica\u00e7\u00f5es comerciais electr\u00f3nicas<\/h3>\n<p>Em aplica\u00e7\u00e3o da LSSI (Lei de Servi\u00e7os da Sociedade da Informa\u00e7\u00e3o), a empresa n\u00e3o enviar\u00e1 comunica\u00e7\u00f5es publicit\u00e1rias ou promocionais por correio eletr\u00f3nico ou qualquer outro meio de comunica\u00e7\u00e3o eletr\u00f3nica equivalente que n\u00e3o tenham sido previamente solicitadas ou expressamente autorizadas pelos destinat\u00e1rios das mesmas.<\/p>\n<p>No caso de utilizadores com os quais exista uma rela\u00e7\u00e3o contratual, jur\u00eddica ou de presta\u00e7\u00e3o de servi\u00e7os anterior, o respons\u00e1vel pelo tratamento de dados est\u00e1 autorizado a enviar comunica\u00e7\u00f5es comerciais relativas a produtos ou servi\u00e7os do respons\u00e1vel pelo tratamento de dados que sejam semelhantes aos inicialmente contratados com o cliente.<\/p>\n<p>Se o utilizador desejar cancelar a rece\u00e7\u00e3o das comunica\u00e7\u00f5es acima referidas, poder\u00e1 faz\u00ea-lo enviando o seu pedido por correio eletr\u00f3nico para o seguinte endere\u00e7o: <a href=\"mailto:info@itsoft.es\">info@itsoft.es.<\/a><\/p>\n<h3>Informa\u00e7\u00f5es sobre Clarity<\/h3>\n<p>Estabelecemos parcerias com a Microsoft Clarity e a Microsoft Advertising para captar a forma como o utilizador utiliza e interage com o nosso s\u00edtio Web atrav\u00e9s de m\u00e9tricas comportamentais, mapas de calor e repeti\u00e7\u00e3o de sess\u00f5es para melhorar e comercializar os nossos produtos\/servi\u00e7os. Os dados de utiliza\u00e7\u00e3o do s\u00edtio Web s\u00e3o recolhidos utilizando cookies pr\u00f3prios e de terceiros e outras tecnologias de rastreio para determinar a popularidade do produto\/servi\u00e7o e a atividade em linha. Al\u00e9m disso, utilizamos estas informa\u00e7\u00f5es para fins de otimiza\u00e7\u00e3o do s\u00edtio, fraude\/seguran\u00e7a e publicidade. Para mais informa\u00e7\u00f5es sobre a forma como a Microsoft recolhe e utiliza as suas informa\u00e7\u00f5es, visite a Declara\u00e7\u00e3o de Privacidade da <a href=\"https:\/\/privacy.microsoft.com\/privacystatement\" data-linktype=\"external\">Microsoft.<\/a><\/p>\n<p>&nbsp;<\/p>\n<p>&nbsp;<\/p>\n<p>&nbsp;<\/p>\n<p>&nbsp;<\/p>\n<p>[\/et_pb_text][\/et_pb_column][\/et_pb_row][\/et_pb_section]<\/p>\n","protected":false},"excerpt":{"rendered":"<p>Detalhes da nossa pol\u00edtica de privacidade O objetivo desta Pol\u00edtica de Privacidade \u00e9 inform\u00e1-lo sobre a forma como processamos os dados pessoais dos utilizadores e clientes que visitam o nosso website, bem como as condi\u00e7\u00f5es de utiliza\u00e7\u00e3o, de acordo com a Lei Org\u00e2nica 3\/2018, de 5 de dezembro, sobre a Prote\u00e7\u00e3o de Dados Pessoais e [&hellip;]<\/p>\n","protected":false},"author":1,"featured_media":0,"parent":0,"menu_order":0,"comment_status":"closed","ping_status":"closed","template":"","meta":{"_acf_changed":false,"_et_pb_use_builder":"on","_et_pb_old_content":"","_et_gb_content_width":"","inline_featured_image":false,"footnotes":""},"class_list":["post-13886","page","type-page","status-publish","hentry"],"acf":[],"yoast_head":"<!-- This site is optimized with the Yoast SEO plugin v27.2 - https:\/\/yoast.com\/product\/yoast-seo-wordpress\/ -->\n<title>ITSOFT |<\/title>\n<meta name=\"description\" content=\"Pol\u00edtica de privacidade da ITSOFT Esta pol\u00edtica de privacidade destina-se a informar o utilizador sobre a pol\u00edtica de privacidade do nosso s\u00edtio Web.\" \/>\n<meta name=\"robots\" content=\"index, follow, max-snippet:-1, max-image-preview:large, max-video-preview:-1\" \/>\n<link rel=\"canonical\" href=\"https:\/\/itsoft.es\/pt-pt\/politica-privacidad\/\" \/>\n<meta property=\"og:locale\" content=\"pt_PT\" \/>\n<meta property=\"og:type\" content=\"article\" \/>\n<meta property=\"og:title\" content=\"ITSOFT |\" \/>\n<meta property=\"og:description\" content=\"Pol\u00edtica de privacidade da ITSOFT Esta pol\u00edtica de privacidade destina-se a informar o utilizador sobre a pol\u00edtica de privacidade do nosso s\u00edtio Web.\" \/>\n<meta property=\"og:url\" content=\"https:\/\/itsoft.es\/pt-pt\/politica-privacidad\/\" \/>\n<meta property=\"og:site_name\" content=\"ITSOFT\" \/>\n<meta property=\"article:modified_time\" content=\"2023-12-11T16:56:35+00:00\" \/>\n<meta name=\"twitter:card\" content=\"summary_large_image\" \/>\n<meta name=\"twitter:site\" content=\"@mgm_ITSOFT\" \/>\n<meta name=\"twitter:label1\" content=\"Tempo estimado de leitura\" \/>\n\t<meta name=\"twitter:data1\" content=\"9 minutos\" \/>\n<script type=\"application\/ld+json\" class=\"yoast-schema-graph\">{\"@context\":\"https:\/\/schema.org\",\"@graph\":[{\"@type\":\"WebPage\",\"@id\":\"https:\/\/itsoft.es\/pt-pt\/politica-privacidad\/\",\"url\":\"https:\/\/itsoft.es\/pt-pt\/politica-privacidad\/\",\"name\":\"ITSOFT |\",\"isPartOf\":{\"@id\":\"https:\/\/itsoft.es\/pt-pt\/#website\"},\"datePublished\":\"2023-07-14T09:32:07+00:00\",\"dateModified\":\"2023-12-11T16:56:35+00:00\",\"description\":\"Pol\u00edtica de privacidade da ITSOFT Esta pol\u00edtica de privacidade destina-se a informar o utilizador sobre a pol\u00edtica de privacidade do nosso s\u00edtio Web.\",\"breadcrumb\":{\"@id\":\"https:\/\/itsoft.es\/pt-pt\/politica-privacidad\/#breadcrumb\"},\"inLanguage\":\"pt-PT\",\"potentialAction\":[{\"@type\":\"ReadAction\",\"target\":[\"https:\/\/itsoft.es\/pt-pt\/politica-privacidad\/\"]}]},{\"@type\":\"BreadcrumbList\",\"@id\":\"https:\/\/itsoft.es\/pt-pt\/politica-privacidad\/#breadcrumb\",\"itemListElement\":[{\"@type\":\"ListItem\",\"position\":1,\"name\":\"Portada\",\"item\":\"https:\/\/itsoft.es\/pt-pt\/itsoft\/\"},{\"@type\":\"ListItem\",\"position\":2,\"name\":\"Pol\u00edtica de privacidade\"}]},{\"@type\":\"WebSite\",\"@id\":\"https:\/\/itsoft.es\/pt-pt\/#website\",\"url\":\"https:\/\/itsoft.es\/pt-pt\/\",\"name\":\"ITSOFT\",\"description\":\"Proveedores de soluciones tecnol\u00f3gicas\",\"publisher\":{\"@id\":\"https:\/\/itsoft.es\/pt-pt\/#organization\"},\"potentialAction\":[{\"@type\":\"SearchAction\",\"target\":{\"@type\":\"EntryPoint\",\"urlTemplate\":\"https:\/\/itsoft.es\/pt-pt\/?s={search_term_string}\"},\"query-input\":{\"@type\":\"PropertyValueSpecification\",\"valueRequired\":true,\"valueName\":\"search_term_string\"}}],\"inLanguage\":\"pt-PT\"},{\"@type\":\"Organization\",\"@id\":\"https:\/\/itsoft.es\/pt-pt\/#organization\",\"name\":\"ITSOFT\",\"alternateName\":\"ITSOFT\",\"url\":\"https:\/\/itsoft.es\/pt-pt\/\",\"logo\":{\"@type\":\"ImageObject\",\"inLanguage\":\"pt-PT\",\"@id\":\"https:\/\/itsoft.es\/pt-pt\/#\/schema\/logo\/image\/\",\"url\":\"https:\/\/itsoft.es\/wp-content\/uploads\/Logo-2019.svg\",\"contentUrl\":\"https:\/\/itsoft.es\/wp-content\/uploads\/Logo-2019.svg\",\"width\":\"1024\",\"height\":\"1024\",\"caption\":\"ITSOFT\"},\"image\":{\"@id\":\"https:\/\/itsoft.es\/pt-pt\/#\/schema\/logo\/image\/\"},\"sameAs\":[\"https:\/\/x.com\/mgm_ITSOFT\"]}]}<\/script>\n<!-- \/ Yoast SEO plugin. -->","yoast_head_json":{"title":"ITSOFT |","description":"Pol\u00edtica de privacidade da ITSOFT Esta pol\u00edtica de privacidade destina-se a informar o utilizador sobre a pol\u00edtica de privacidade do nosso s\u00edtio Web.","robots":{"index":"index","follow":"follow","max-snippet":"max-snippet:-1","max-image-preview":"max-image-preview:large","max-video-preview":"max-video-preview:-1"},"canonical":"https:\/\/itsoft.es\/pt-pt\/politica-privacidad\/","og_locale":"pt_PT","og_type":"article","og_title":"ITSOFT |","og_description":"Pol\u00edtica de privacidade da ITSOFT Esta pol\u00edtica de privacidade destina-se a informar o utilizador sobre a pol\u00edtica de privacidade do nosso s\u00edtio Web.","og_url":"https:\/\/itsoft.es\/pt-pt\/politica-privacidad\/","og_site_name":"ITSOFT","article_modified_time":"2023-12-11T16:56:35+00:00","twitter_card":"summary_large_image","twitter_site":"@mgm_ITSOFT","twitter_misc":{"Tempo estimado de leitura":"9 minutos"},"schema":{"@context":"https:\/\/schema.org","@graph":[{"@type":"WebPage","@id":"https:\/\/itsoft.es\/pt-pt\/politica-privacidad\/","url":"https:\/\/itsoft.es\/pt-pt\/politica-privacidad\/","name":"ITSOFT |","isPartOf":{"@id":"https:\/\/itsoft.es\/pt-pt\/#website"},"datePublished":"2023-07-14T09:32:07+00:00","dateModified":"2023-12-11T16:56:35+00:00","description":"Pol\u00edtica de privacidade da ITSOFT Esta pol\u00edtica de privacidade destina-se a informar o utilizador sobre a pol\u00edtica de privacidade do nosso s\u00edtio Web.","breadcrumb":{"@id":"https:\/\/itsoft.es\/pt-pt\/politica-privacidad\/#breadcrumb"},"inLanguage":"pt-PT","potentialAction":[{"@type":"ReadAction","target":["https:\/\/itsoft.es\/pt-pt\/politica-privacidad\/"]}]},{"@type":"BreadcrumbList","@id":"https:\/\/itsoft.es\/pt-pt\/politica-privacidad\/#breadcrumb","itemListElement":[{"@type":"ListItem","position":1,"name":"Portada","item":"https:\/\/itsoft.es\/pt-pt\/itsoft\/"},{"@type":"ListItem","position":2,"name":"Pol\u00edtica de privacidade"}]},{"@type":"WebSite","@id":"https:\/\/itsoft.es\/pt-pt\/#website","url":"https:\/\/itsoft.es\/pt-pt\/","name":"ITSOFT","description":"Proveedores de soluciones tecnol\u00f3gicas","publisher":{"@id":"https:\/\/itsoft.es\/pt-pt\/#organization"},"potentialAction":[{"@type":"SearchAction","target":{"@type":"EntryPoint","urlTemplate":"https:\/\/itsoft.es\/pt-pt\/?s={search_term_string}"},"query-input":{"@type":"PropertyValueSpecification","valueRequired":true,"valueName":"search_term_string"}}],"inLanguage":"pt-PT"},{"@type":"Organization","@id":"https:\/\/itsoft.es\/pt-pt\/#organization","name":"ITSOFT","alternateName":"ITSOFT","url":"https:\/\/itsoft.es\/pt-pt\/","logo":{"@type":"ImageObject","inLanguage":"pt-PT","@id":"https:\/\/itsoft.es\/pt-pt\/#\/schema\/logo\/image\/","url":"https:\/\/itsoft.es\/wp-content\/uploads\/Logo-2019.svg","contentUrl":"https:\/\/itsoft.es\/wp-content\/uploads\/Logo-2019.svg","width":"1024","height":"1024","caption":"ITSOFT"},"image":{"@id":"https:\/\/itsoft.es\/pt-pt\/#\/schema\/logo\/image\/"},"sameAs":["https:\/\/x.com\/mgm_ITSOFT"]}]}},"_links":{"self":[{"href":"https:\/\/itsoft.es\/pt-pt\/wp-json\/wp\/v2\/pages\/13886","targetHints":{"allow":["GET"]}}],"collection":[{"href":"https:\/\/itsoft.es\/pt-pt\/wp-json\/wp\/v2\/pages"}],"about":[{"href":"https:\/\/itsoft.es\/pt-pt\/wp-json\/wp\/v2\/types\/page"}],"author":[{"embeddable":true,"href":"https:\/\/itsoft.es\/pt-pt\/wp-json\/wp\/v2\/users\/1"}],"replies":[{"embeddable":true,"href":"https:\/\/itsoft.es\/pt-pt\/wp-json\/wp\/v2\/comments?post=13886"}],"version-history":[{"count":8,"href":"https:\/\/itsoft.es\/pt-pt\/wp-json\/wp\/v2\/pages\/13886\/revisions"}],"predecessor-version":[{"id":15579,"href":"https:\/\/itsoft.es\/pt-pt\/wp-json\/wp\/v2\/pages\/13886\/revisions\/15579"}],"wp:attachment":[{"href":"https:\/\/itsoft.es\/pt-pt\/wp-json\/wp\/v2\/media?parent=13886"}],"curies":[{"name":"wp","href":"https:\/\/api.w.org\/{rel}","templated":true}]}}